{"id":84,"date":"2022-07-27T18:35:00","date_gmt":"2022-07-27T16:35:00","guid":{"rendered":"http:\/\/innovaseguridad.es\/?page_id=84"},"modified":"2024-06-05T16:50:35","modified_gmt":"2024-06-05T14:50:35","slug":"contacto","status":"publish","type":"page","link":"https:\/\/innovaseguridad.es\/?page_id=84","title":{"rendered":"Contacto"},"content":{"rendered":"\t\t<div data-elementor-type=\"wp-page\" data-elementor-id=\"84\" class=\"elementor elementor-84\">\n\t\t\t\t\t\t\t\t\t<section class=\"elementor-section elementor-top-section elementor-element elementor-element-fc3edc7 elementor-section-boxed elementor-section-height-default elementor-section-height-default\" data-id=\"fc3edc7\" data-element_type=\"section\">\n\t\t\t\t\t\t<div class=\"elementor-container elementor-column-gap-default\">\n\t\t\t\t\t<div class=\"elementor-column elementor-col-50 elementor-top-column elementor-element elementor-element-14fa727\" data-id=\"14fa727\" data-element_type=\"column\">\n\t\t\t<div class=\"elementor-widget-wrap elementor-element-populated\">\n\t\t\t\t\t\t\t\t<div class=\"elementor-element elementor-element-a9147d7 elementor-widget elementor-widget-text-editor\" data-id=\"a9147d7\" data-element_type=\"widget\" data-widget_type=\"text-editor.default\">\n\t\t\t\t<div class=\"elementor-widget-container\">\n\t\t\t<style>\/*! elementor - v3.13.2 - 11-05-2023 *\/\n.elementor-widget-text-editor.elementor-drop-cap-view-stacked .elementor-drop-cap{background-color:#69727d;color:#fff}.elementor-widget-text-editor.elementor-drop-cap-view-framed .elementor-drop-cap{color:#69727d;border:3px solid;background-color:transparent}.elementor-widget-text-editor:not(.elementor-drop-cap-view-default) .elementor-drop-cap{margin-top:8px}.elementor-widget-text-editor:not(.elementor-drop-cap-view-default) .elementor-drop-cap-letter{width:1em;height:1em}.elementor-widget-text-editor .elementor-drop-cap{float:left;text-align:center;line-height:1;font-size:50px}.elementor-widget-text-editor .elementor-drop-cap-letter{display:inline-block}<\/style>\t\t\t\t<h3 style=\"text-align: center;\"><span style=\"color: #ff6600; font-weight: normal;\"><strong>LOCALIZACION<\/strong>\u00a0<\/span><\/h3><h6>\u00a0<\/h6><h5 style=\"text-align: center;\"><span style=\"color: #000000; font-weight: normal;\">C\/ R\u00edo Mi\u00f1o, 7 Pol\u00edgono Industrial el Saladar I<\/span><\/h5><h5 style=\"text-align: center;\"><span style=\"color: #000000; font-weight: normal;\"> 30564 Lorqu\u00ed, Murcia<\/span><\/h5>\t\t\t\t\t\t<\/div>\n\t\t\t\t<\/div>\n\t\t\t\t\t<\/div>\n\t\t<\/div>\n\t\t\t\t<div class=\"elementor-column elementor-col-50 elementor-top-column elementor-element elementor-element-ca2e986\" data-id=\"ca2e986\" data-element_type=\"column\">\n\t\t\t<div class=\"elementor-widget-wrap elementor-element-populated\">\n\t\t\t\t\t\t\t\t<div class=\"elementor-element elementor-element-c61cf9f elementor-widget elementor-widget-text-editor\" data-id=\"c61cf9f\" data-element_type=\"widget\" data-widget_type=\"text-editor.default\">\n\t\t\t\t<div class=\"elementor-widget-container\">\n\t\t\t\t\t\t\t<h3 style=\"text-align: center;\"><strong><span style=\"color: #ff6600;\">CONTACTO<\/span><\/strong><\/h3><h5>\u00a0<\/h5><h5 style=\"text-align: center;\"><span style=\"color: #000000; font-weight: normal;\"><a style=\"color: #000000; font-weight: normal;\" title=\"Ll\u00e1manos\" href=\"tel:+34868043362\"><i class=\"fa fa-phone\" aria-hidden=\"true\"><\/i>\u00a0699608480<\/a><\/span><br \/><span style=\"color: #000000; font-weight: normal;\"><a style=\"color: #000000;\" href=\"mailto:innova@ingeainnova.com\"><i class=\"fa fa-envelope-o\" aria-hidden=\"true\"><\/i>\u00a0innova@innovaseguridad.es<\/a><\/span><\/h5>\t\t\t\t\t\t<\/div>\n\t\t\t\t<\/div>\n\t\t\t\t\t<\/div>\n\t\t<\/div>\n\t\t\t\t\t\t\t<\/div>\n\t\t<\/section>\n\t\t\t\t<section class=\"elementor-section elementor-top-section elementor-element elementor-element-9f94f0b elementor-section-boxed elementor-section-height-default elementor-section-height-default\" data-id=\"9f94f0b\" data-element_type=\"section\">\n\t\t\t\t\t\t<div class=\"elementor-container elementor-column-gap-default\">\n\t\t\t\t\t<div class=\"elementor-column elementor-col-100 elementor-top-column elementor-element elementor-element-d9189f4\" data-id=\"d9189f4\" data-element_type=\"column\">\n\t\t\t<div class=\"elementor-widget-wrap elementor-element-populated\">\n\t\t\t\t\t\t\t\t<div class=\"elementor-element elementor-element-0959d44 elementor-widget elementor-widget-text-editor\" data-id=\"0959d44\" data-element_type=\"widget\" data-widget_type=\"text-editor.default\">\n\t\t\t\t<div class=\"elementor-widget-container\">\n\t\t\t\t\t\t\t\t\t\t\t\t\t<\/div>\n\t\t\t\t<\/div>\n\t\t\t\t\t<\/div>\n\t\t<\/div>\n\t\t\t\t\t\t\t<\/div>\n\t\t<\/section>\n\t\t\t\t<section class=\"elementor-section elementor-top-section elementor-element elementor-element-cbb616c elementor-section-boxed elementor-section-height-default elementor-section-height-default\" data-id=\"cbb616c\" data-element_type=\"section\">\n\t\t\t\t\t\t<div class=\"elementor-container elementor-column-gap-default\">\n\t\t\t\t\t<div class=\"elementor-column elementor-col-100 elementor-top-column elementor-element elementor-element-c1b2e37\" data-id=\"c1b2e37\" data-element_type=\"column\">\n\t\t\t<div class=\"elementor-widget-wrap elementor-element-populated\">\n\t\t\t\t\t\t\t\t<div class=\"elementor-element elementor-element-8705076 elementor-widget elementor-widget-google_maps\" data-id=\"8705076\" data-element_type=\"widget\" data-widget_type=\"google_maps.default\">\n\t\t\t\t<div class=\"elementor-widget-container\">\n\t\t\t<style>\/*! elementor - v3.13.2 - 11-05-2023 *\/\n.elementor-widget-google_maps .elementor-widget-container{overflow:hidden}.elementor-widget-google_maps .elementor-custom-embed{line-height:0}.elementor-widget-google_maps iframe{height:300px}<\/style>\t\t<div class=\"elementor-custom-embed\">\n\t\t\t<iframe loading=\"lazy\"\n\t\t\t\t\tsrc=\"https:\/\/maps.google.com\/maps?q=Innova%20Murcia%20Seguridad&#038;t=m&#038;z=10&#038;output=embed&#038;iwloc=near\"\n\t\t\t\t\ttitle=\"Innova Murcia Seguridad\"\n\t\t\t\t\taria-label=\"Innova Murcia Seguridad\"\n\t\t\t><\/iframe>\n\t\t<\/div>\n\t\t\t\t<\/div>\n\t\t\t\t<\/div>\n\t\t\t\t\t<\/div>\n\t\t<\/div>\n\t\t\t\t\t\t\t<\/div>\n\t\t<\/section>\n\t\t\t\t\t\t\t<\/div>\n\t\t","protected":false},"excerpt":{"rendered":"<p>LOCALIZACION\u00a0 \u00a0 C\/ R\u00edo Mi\u00f1o, 7 Pol\u00edgono Industrial el Saladar I 30564 Lorqu\u00ed, Murcia CONTACTO \u00a0 \u00a0699608480\u00a0innova@innovaseguridad.es<\/p>\n","protected":false},"author":1,"featured_media":0,"parent":0,"menu_order":0,"comment_status":"closed","ping_status":"closed","template":"","meta":{"footnotes":""},"class_list":["post-84","page","type-page","status-publish","hentry"],"_links":{"self":[{"href":"https:\/\/innovaseguridad.es\/index.php?rest_route=\/wp\/v2\/pages\/84","targetHints":{"allow":["GET"]}}],"collection":[{"href":"https:\/\/innovaseguridad.es\/index.php?rest_route=\/wp\/v2\/pages"}],"about":[{"href":"https:\/\/innovaseguridad.es\/index.php?rest_route=\/wp\/v2\/types\/page"}],"author":[{"embeddable":true,"href":"https:\/\/innovaseguridad.es\/index.php?rest_route=\/wp\/v2\/users\/1"}],"replies":[{"embeddable":true,"href":"https:\/\/innovaseguridad.es\/index.php?rest_route=%2Fwp%2Fv2%2Fcomments&post=84"}],"version-history":[{"count":61,"href":"https:\/\/innovaseguridad.es\/index.php?rest_route=\/wp\/v2\/pages\/84\/revisions"}],"predecessor-version":[{"id":489,"href":"https:\/\/innovaseguridad.es\/index.php?rest_route=\/wp\/v2\/pages\/84\/revisions\/489"}],"wp:attachment":[{"href":"https:\/\/innovaseguridad.es\/index.php?rest_route=%2Fwp%2Fv2%2Fmedia&parent=84"}],"curies":[{"name":"wp","href":"https:\/\/api.w.org\/{rel}","templated":true}]}}