{"id":16,"date":"2022-04-13T20:53:36","date_gmt":"2022-04-13T18:53:36","guid":{"rendered":"http:\/\/innovaseguridad.es\/?page_id=16"},"modified":"2024-06-07T10:43:03","modified_gmt":"2024-06-07T08:43:03","slug":"intrusion","status":"publish","type":"page","link":"https:\/\/innovaseguridad.es\/?page_id=16","title":{"rendered":"INTRUSION"},"content":{"rendered":"\t\t<div data-elementor-type=\"wp-page\" data-elementor-id=\"16\" class=\"elementor elementor-16\">\n\t\t\t\t\t\t\t\t\t<section class=\"elementor-section elementor-top-section elementor-element elementor-element-f99b677 elementor-section-boxed elementor-section-height-default elementor-section-height-default\" data-id=\"f99b677\" data-element_type=\"section\">\n\t\t\t\t\t\t<div class=\"elementor-container elementor-column-gap-default\">\n\t\t\t\t\t<div class=\"elementor-column elementor-col-100 elementor-top-column elementor-element elementor-element-e79f9ba\" data-id=\"e79f9ba\" data-element_type=\"column\">\n\t\t\t<div class=\"elementor-widget-wrap elementor-element-populated\">\n\t\t\t\t\t\t\t\t<div class=\"elementor-element elementor-element-c7e4dcb elementor-widget elementor-widget-text-editor\" data-id=\"c7e4dcb\" data-element_type=\"widget\" data-widget_type=\"text-editor.default\">\n\t\t\t\t<div class=\"elementor-widget-container\">\n\t\t\t<style>\/*! elementor - v3.13.2 - 11-05-2023 *\/\n.elementor-widget-text-editor.elementor-drop-cap-view-stacked .elementor-drop-cap{background-color:#69727d;color:#fff}.elementor-widget-text-editor.elementor-drop-cap-view-framed .elementor-drop-cap{color:#69727d;border:3px solid;background-color:transparent}.elementor-widget-text-editor:not(.elementor-drop-cap-view-default) .elementor-drop-cap{margin-top:8px}.elementor-widget-text-editor:not(.elementor-drop-cap-view-default) .elementor-drop-cap-letter{width:1em;height:1em}.elementor-widget-text-editor .elementor-drop-cap{float:left;text-align:center;line-height:1;font-size:50px}.elementor-widget-text-editor .elementor-drop-cap-letter{display:inline-block}<\/style>\t\t\t\t<h4><span style=\"color: #000000; font-weight: normal;\"><span style=\"color: #ff6600;\">INNOVA SEGURIDAD<\/span>\u00a0instala los mas modernos equipos de seguridad, siempre buscando el modelo que mejor se adapte a las necesidades del cliente.\u00a0<\/span><\/h4><h4><span style=\"color: #000000; font-weight: normal;\">Trabaja ademas, con una central receptora de alarmas (C.R.A.), que est\u00e1 operativa ininterrupidamente las 24 horas del d\u00eda durante todo el a\u00f1o, atendida por profesionales altamente cualificados.<\/span><\/h4><div><span style=\"color: #000000;\">\u00a0<\/span><\/div><h4><span style=\"color: #000000; font-weight: normal;\">Su misi\u00f3n es la recepci\u00f3n, verificaci\u00f3n y gesti\u00f3n de avisos de alarmas. Esta, discrimina, entre los varios tipos de se\u00f1al de alarma, tal y como exige la normativa, para identificar falsas alarmas.<\/span><\/h4><h4><span style=\"color: #000000; font-family: var(--sp-font-sans-serif); font-weight: normal;\">Con frecuencia se realizan test de funcionamiento de los sistemas conectados a la C.R.A.<\/span><\/h4><h4><span style=\"color: #000000;\"><span style=\"font-weight: normal;\">Desde INNOVA SEGURIDAD apostamos por la calidad de nuestras instalaciones, intentando cablear en la medida de lo posible, la mayoria de sensores y detectores. Evitando asi fallos y sabotajes.<\/span><\/span><\/h4><div><span style=\"color: #000000;\"><span style=\"font-weight: normal;\">\u00a0<\/span><\/span><\/div><div><span style=\"color: #000000;\">\u00a0<\/span><\/div>\t\t\t\t\t\t<\/div>\n\t\t\t\t<\/div>\n\t\t\t\t\t<\/div>\n\t\t<\/div>\n\t\t\t\t\t\t\t<\/div>\n\t\t<\/section>\n\t\t\t\t<section class=\"elementor-section elementor-top-section elementor-element elementor-element-4b83853 elementor-section-boxed elementor-section-height-default elementor-section-height-default\" data-id=\"4b83853\" data-element_type=\"section\">\n\t\t\t\t\t\t<div class=\"elementor-container elementor-column-gap-default\">\n\t\t\t\t\t<div class=\"elementor-column elementor-col-16 elementor-top-column elementor-element elementor-element-66c4383\" data-id=\"66c4383\" data-element_type=\"column\">\n\t\t\t<div class=\"elementor-widget-wrap\">\n\t\t\t\t\t\t\t\t\t<\/div>\n\t\t<\/div>\n\t\t\t\t<div class=\"elementor-column elementor-col-66 elementor-top-column elementor-element elementor-element-6c6c776\" data-id=\"6c6c776\" data-element_type=\"column\">\n\t\t\t<div class=\"elementor-widget-wrap elementor-element-populated\">\n\t\t\t\t\t\t\t\t<div class=\"elementor-element elementor-element-5bd7ab5 elementor-widget__width-initial elementor-widget elementor-widget-image\" data-id=\"5bd7ab5\" data-element_type=\"widget\" data-widget_type=\"image.default\">\n\t\t\t\t<div class=\"elementor-widget-container\">\n\t\t\t<style>\/*! elementor - v3.13.2 - 11-05-2023 *\/\n.elementor-widget-image{text-align:center}.elementor-widget-image a{display:inline-block}.elementor-widget-image a img[src$=\".svg\"]{width:48px}.elementor-widget-image img{vertical-align:middle;display:inline-block}<\/style>\t\t\t\t\t\t\t\t\t\t\t\t<img loading=\"lazy\" decoding=\"async\" width=\"825\" height=\"293\" src=\"https:\/\/innovaseguridad.es\/wp-content\/uploads\/2022\/08\/Sin-e.jpg\" class=\"attachment-large size-large wp-image-201\" alt=\"\" srcset=\"https:\/\/innovaseguridad.es\/wp-content\/uploads\/2022\/08\/Sin-e.jpg 825w, https:\/\/innovaseguridad.es\/wp-content\/uploads\/2022\/08\/Sin-e-300x107.jpg 300w, https:\/\/innovaseguridad.es\/wp-content\/uploads\/2022\/08\/Sin-e-768x273.jpg 768w\" sizes=\"auto, (max-width: 825px) 100vw, 825px\" \/>\t\t\t\t\t\t\t\t\t\t\t\t\t\t\t<\/div>\n\t\t\t\t<\/div>\n\t\t\t\t\t<\/div>\n\t\t<\/div>\n\t\t\t\t<div class=\"elementor-column elementor-col-16 elementor-top-column elementor-element elementor-element-919c387\" data-id=\"919c387\" data-element_type=\"column\">\n\t\t\t<div class=\"elementor-widget-wrap\">\n\t\t\t\t\t\t\t\t\t<\/div>\n\t\t<\/div>\n\t\t\t\t\t\t\t<\/div>\n\t\t<\/section>\n\t\t\t\t\t\t\t<\/div>\n\t\t","protected":false},"excerpt":{"rendered":"<p>INNOVA SEGURIDAD\u00a0instala los mas modernos equipos de seguridad, siempre buscando el modelo que mejor se adapte a las necesidades del cliente.\u00a0 Trabaja ademas, con una central receptora de alarmas (C.R.A.), que est\u00e1 operativa ininterrupidamente las 24 horas del d\u00eda durante todo el a\u00f1o, atendida por profesionales altamente cualificados. \u00a0 Su misi\u00f3n es la recepci\u00f3n, verificaci\u00f3n [&hellip;]<\/p>\n","protected":false},"author":1,"featured_media":0,"parent":0,"menu_order":0,"comment_status":"closed","ping_status":"closed","template":"","meta":{"footnotes":""},"class_list":["post-16","page","type-page","status-publish","hentry"],"_links":{"self":[{"href":"https:\/\/innovaseguridad.es\/index.php?rest_route=\/wp\/v2\/pages\/16","targetHints":{"allow":["GET"]}}],"collection":[{"href":"https:\/\/innovaseguridad.es\/index.php?rest_route=\/wp\/v2\/pages"}],"about":[{"href":"https:\/\/innovaseguridad.es\/index.php?rest_route=\/wp\/v2\/types\/page"}],"author":[{"embeddable":true,"href":"https:\/\/innovaseguridad.es\/index.php?rest_route=\/wp\/v2\/users\/1"}],"replies":[{"embeddable":true,"href":"https:\/\/innovaseguridad.es\/index.php?rest_route=%2Fwp%2Fv2%2Fcomments&post=16"}],"version-history":[{"count":37,"href":"https:\/\/innovaseguridad.es\/index.php?rest_route=\/wp\/v2\/pages\/16\/revisions"}],"predecessor-version":[{"id":592,"href":"https:\/\/innovaseguridad.es\/index.php?rest_route=\/wp\/v2\/pages\/16\/revisions\/592"}],"wp:attachment":[{"href":"https:\/\/innovaseguridad.es\/index.php?rest_route=%2Fwp%2Fv2%2Fmedia&parent=16"}],"curies":[{"name":"wp","href":"https:\/\/api.w.org\/{rel}","templated":true}]}}