{"id":15,"date":"2022-04-13T20:53:36","date_gmt":"2022-04-13T18:53:36","guid":{"rendered":"http:\/\/innovaseguridad.es\/?page_id=15"},"modified":"2024-06-10T11:41:54","modified_gmt":"2024-06-10T09:41:54","slug":"cctv","status":"publish","type":"page","link":"https:\/\/innovaseguridad.es\/?page_id=15","title":{"rendered":"CCTV"},"content":{"rendered":"\t\t<div data-elementor-type=\"wp-page\" data-elementor-id=\"15\" class=\"elementor elementor-15\">\n\t\t\t\t\t\t\t\t\t<section class=\"elementor-section elementor-top-section elementor-element elementor-element-d469d6f elementor-section-boxed elementor-section-height-default elementor-section-height-default\" data-id=\"d469d6f\" data-element_type=\"section\">\n\t\t\t\t\t\t<div class=\"elementor-container elementor-column-gap-default\">\n\t\t\t\t\t<div class=\"elementor-column elementor-col-100 elementor-top-column elementor-element elementor-element-3704a99\" data-id=\"3704a99\" data-element_type=\"column\">\n\t\t\t<div class=\"elementor-widget-wrap elementor-element-populated\">\n\t\t\t\t\t\t\t\t<div class=\"elementor-element elementor-element-964a714 elementor-widget elementor-widget-text-editor\" data-id=\"964a714\" data-element_type=\"widget\" data-widget_type=\"text-editor.default\">\n\t\t\t\t<div class=\"elementor-widget-container\">\n\t\t\t<style>\/*! elementor - v3.13.2 - 11-05-2023 *\/\n.elementor-widget-text-editor.elementor-drop-cap-view-stacked .elementor-drop-cap{background-color:#69727d;color:#fff}.elementor-widget-text-editor.elementor-drop-cap-view-framed .elementor-drop-cap{color:#69727d;border:3px solid;background-color:transparent}.elementor-widget-text-editor:not(.elementor-drop-cap-view-default) .elementor-drop-cap{margin-top:8px}.elementor-widget-text-editor:not(.elementor-drop-cap-view-default) .elementor-drop-cap-letter{width:1em;height:1em}.elementor-widget-text-editor .elementor-drop-cap{float:left;text-align:center;line-height:1;font-size:50px}.elementor-widget-text-editor .elementor-drop-cap-letter{display:inline-block}<\/style>\t\t\t\t<h4><span style=\"color: #000000; font-weight: normal;\"><span style=\"color: #ff6600;\">INNOVA SEGURIDAD<\/span> realiza instalaciones de video-vigilancia o CCTV\u00a0(circuito cerrado de televisi\u00f3n) con asistencia integral de vilancia. Esta tecnolog\u00eda permite que pueda supervisar y controlar su vivienda o negocio, desde cualquier punto.<\/span><\/h4>\n<h5><span style=\"color: #000000;\">\u00a0<\/span><\/h5>\n<h4><span style=\"color: #000000; font-weight: normal;\">\nCon este sistema se refuerza la seguridad en todo momento ya que permite ver lo que sucede en tiempo real y desde cualquier parte del mundo.<\/span><\/h4>\n<h4><span style=\"color: #000000;\">\u00a0<\/span><\/h4>\n<h4><span style=\"color: #000000;font-weight: normal;\">Nuestros sistemas permiten la grabaci\u00f3n de im\u00e1genes, visualizaci\u00f3n de las c\u00e1maras a tiempo real a trav\u00e9s de un m\u00f3vil o pc.<\/span><\/h4>\n<h4><span style=\"color: #000000;\">\u00a0<\/span><\/h4>\n<h4><span style=\"color: #000000;font-weight: normal;\">Gracias a la calidad de nuestras instalaciones, podemos garantizar la mejor de las visiones, estudiando en cada caso la panor\u00e1mica, el enfoque y la inclinaci\u00f3n m\u00e1s adecuada.<\/span><\/h4>\n<h4><span style=\"color: #000000;\">\u00a0<\/span><\/h4>\n<h4><span style=\"color: #000000;font-weight: normal;\">Tenemos la capacidad de realizar cualquier tipo de instalacion:<\/span><\/h4>\n<h4><span style=\"color: #000000;font-weight: normal;\">C\u00e1mara color, B\/N, c\u00e1maras IP, c\u00e1maras infrarrojas, minidomos, domos, c\u00e1maras ocultas.<\/span><\/h4>\n<div><span style=\"color: #000000;\">\u00a0<\/span><\/div>\t\t\t\t\t\t<\/div>\n\t\t\t\t<\/div>\n\t\t\t\t\t<\/div>\n\t\t<\/div>\n\t\t\t\t\t\t\t<\/div>\n\t\t<\/section>\n\t\t\t\t<section class=\"elementor-section elementor-top-section elementor-element elementor-element-624c583 elementor-section-boxed elementor-section-height-default elementor-section-height-default\" data-id=\"624c583\" data-element_type=\"section\">\n\t\t\t\t\t\t<div class=\"elementor-container elementor-column-gap-default\">\n\t\t\t\t\t<div class=\"elementor-column elementor-col-50 elementor-top-column elementor-element elementor-element-abff219\" data-id=\"abff219\" data-element_type=\"column\">\n\t\t\t<div class=\"elementor-widget-wrap elementor-element-populated\">\n\t\t\t\t\t\t\t\t<div class=\"elementor-element elementor-element-654ba25 elementor-widget elementor-widget-text-editor\" data-id=\"654ba25\" data-element_type=\"widget\" data-widget_type=\"text-editor.default\">\n\t\t\t\t<div class=\"elementor-widget-container\">\n\t\t\t\t\t\t\t<h4><span style=\"color: #ff6600; font-weight: normal;\"><strong><u>VENTAJAS:<\/u><\/strong><\/span><\/h4><ul><li><h5><strong><span style=\"color: #000000;\">\u2013 Hacemos uso de las m\u00e1s modernas tecnolog\u00edas y los mejores sistemas de imagen.<\/span><\/strong><\/h5><\/li><li><h5><strong><span style=\"color: #000000;\">\u2013 Sistemas de grabacion de v\u00eddeo adaptables y ampliables.<\/span><\/strong><\/h5><\/li><li><h5><strong><span style=\"color: #000000;\">\u2013 Alta resoluci\u00f3n que facilita la deteccion de intrusos<\/span><\/strong><\/h5><\/li><li><h5><strong><span style=\"color: #000000;\">\u2013 Control de su negocio\/vivienda las 24 horas del d\u00eda<\/span><\/strong><\/h5><\/li><\/ul>\t\t\t\t\t\t<\/div>\n\t\t\t\t<\/div>\n\t\t\t\t\t<\/div>\n\t\t<\/div>\n\t\t\t\t<div class=\"elementor-column elementor-col-50 elementor-top-column elementor-element elementor-element-71dd604\" data-id=\"71dd604\" data-element_type=\"column\">\n\t\t\t<div class=\"elementor-widget-wrap elementor-element-populated\">\n\t\t\t\t\t\t\t\t<div class=\"elementor-element elementor-element-5c590d2 elementor-widget elementor-widget-image\" data-id=\"5c590d2\" data-element_type=\"widget\" data-widget_type=\"image.default\">\n\t\t\t\t<div class=\"elementor-widget-container\">\n\t\t\t<style>\/*! elementor - v3.13.2 - 11-05-2023 *\/\n.elementor-widget-image{text-align:center}.elementor-widget-image a{display:inline-block}.elementor-widget-image a img[src$=\".svg\"]{width:48px}.elementor-widget-image img{vertical-align:middle;display:inline-block}<\/style>\t\t\t\t\t\t\t\t\t\t\t\t<img loading=\"lazy\" decoding=\"async\" width=\"763\" height=\"327\" src=\"https:\/\/innovaseguridad.es\/wp-content\/uploads\/2024\/06\/camaras-seguridad.png\" class=\"attachment-large size-large wp-image-593\" alt=\"\" srcset=\"https:\/\/innovaseguridad.es\/wp-content\/uploads\/2024\/06\/camaras-seguridad.png 763w, https:\/\/innovaseguridad.es\/wp-content\/uploads\/2024\/06\/camaras-seguridad-300x129.png 300w\" sizes=\"auto, (max-width: 763px) 100vw, 763px\" \/>\t\t\t\t\t\t\t\t\t\t\t\t\t\t\t<\/div>\n\t\t\t\t<\/div>\n\t\t\t\t\t<\/div>\n\t\t<\/div>\n\t\t\t\t\t\t\t<\/div>\n\t\t<\/section>\n\t\t\t\t\t\t\t<\/div>\n\t\t","protected":false},"excerpt":{"rendered":"<p>INNOVA SEGURIDAD realiza instalaciones de video-vigilancia o CCTV\u00a0(circuito cerrado de televisi\u00f3n) con asistencia integral de vilancia. Esta tecnolog\u00eda permite que pueda supervisar y controlar su vivienda o negocio, desde cualquier punto. \u00a0 Con este sistema se refuerza la seguridad en todo momento ya que permite ver lo que sucede en tiempo real y desde cualquier [&hellip;]<\/p>\n","protected":false},"author":1,"featured_media":0,"parent":0,"menu_order":0,"comment_status":"closed","ping_status":"closed","template":"","meta":{"footnotes":""},"class_list":["post-15","page","type-page","status-publish","hentry"],"_links":{"self":[{"href":"https:\/\/innovaseguridad.es\/index.php?rest_route=\/wp\/v2\/pages\/15","targetHints":{"allow":["GET"]}}],"collection":[{"href":"https:\/\/innovaseguridad.es\/index.php?rest_route=\/wp\/v2\/pages"}],"about":[{"href":"https:\/\/innovaseguridad.es\/index.php?rest_route=\/wp\/v2\/types\/page"}],"author":[{"embeddable":true,"href":"https:\/\/innovaseguridad.es\/index.php?rest_route=\/wp\/v2\/users\/1"}],"replies":[{"embeddable":true,"href":"https:\/\/innovaseguridad.es\/index.php?rest_route=%2Fwp%2Fv2%2Fcomments&post=15"}],"version-history":[{"count":40,"href":"https:\/\/innovaseguridad.es\/index.php?rest_route=\/wp\/v2\/pages\/15\/revisions"}],"predecessor-version":[{"id":596,"href":"https:\/\/innovaseguridad.es\/index.php?rest_route=\/wp\/v2\/pages\/15\/revisions\/596"}],"wp:attachment":[{"href":"https:\/\/innovaseguridad.es\/index.php?rest_route=%2Fwp%2Fv2%2Fmedia&parent=15"}],"curies":[{"name":"wp","href":"https:\/\/api.w.org\/{rel}","templated":true}]}}